{"id":10915,"date":"2022-12-09T00:19:46","date_gmt":"2022-12-09T05:19:46","guid":{"rendered":"https:\/\/projectofthemonth.ca\/projets-de-peinture\/"},"modified":"2026-04-01T09:39:20","modified_gmt":"2026-04-01T13:39:20","slug":"projets-de-peinture","status":"publish","type":"page","link":"https:\/\/projectofthemonth.ca\/fr\/projets-de-peinture\/","title":{"rendered":"Projets de peinture"},"content":{"rendered":"\t\t<div data-elementor-type=\"wp-page\" data-elementor-id=\"10915\" class=\"elementor elementor-10915 elementor-10830\" data-elementor-post-type=\"page\">\n\t\t\t\t<div class=\"elementor-element elementor-element-1997fef e-flex e-con-boxed e-con e-parent\" data-id=\"1997fef\" data-element_type=\"container\" data-e-type=\"container\" data-settings=\"{&quot;background_background&quot;:&quot;classic&quot;,&quot;jet_parallax_layout_list&quot;:[]}\">\n\t\t\t\t\t<div class=\"e-con-inner\">\n\t\t\t\t<div class=\"elementor-element elementor-element-6a55bc6 elementor-widget elementor-widget-heading\" data-id=\"6a55bc6\" data-element_type=\"widget\" data-e-type=\"widget\" data-widget_type=\"heading.default\">\n\t\t\t\t<div class=\"elementor-widget-container\">\n\t\t\t\t\t<h1 class=\"elementor-heading-title elementor-size-default\">Projets de peinture<\/h1>\t\t\t\t<\/div>\n\t\t\t\t<\/div>\n\t\t\t\t\t<\/div>\n\t\t\t\t<\/div>\n\t\t<div class=\"elementor-element elementor-element-8488116 e-flex e-con-boxed e-con e-parent\" data-id=\"8488116\" data-element_type=\"container\" data-e-type=\"container\" data-settings=\"{&quot;jet_parallax_layout_list&quot;:[]}\">\n\t\t\t\t\t<div class=\"e-con-inner\">\n\t\t<div class=\"elementor-element elementor-element-542a471 e-con-full e-flex e-con e-child\" data-id=\"542a471\" data-element_type=\"container\" data-e-type=\"container\" data-settings=\"{&quot;jet_parallax_layout_list&quot;:[]}\">\n\t\t\t\t<\/div>\n\t\t<div class=\"elementor-element elementor-element-9e10950 e-con-full e-flex e-con e-child\" data-id=\"9e10950\" data-element_type=\"container\" data-e-type=\"container\" data-settings=\"{&quot;background_background&quot;:&quot;classic&quot;,&quot;jet_parallax_layout_list&quot;:[]}\">\n\t\t\t\t<div class=\"elementor-element elementor-element-bf170e7 elementor-widget elementor-widget-heading\" data-id=\"bf170e7\" data-element_type=\"widget\" data-e-type=\"widget\" data-widget_type=\"heading.default\">\n\t\t\t\t<div class=\"elementor-widget-container\">\n\t\t\t\t\t<h2 class=\"elementor-heading-title elementor-size-default\">Projets populaires<\/h2>\t\t\t\t<\/div>\n\t\t\t\t<\/div>\n\t\t\t\t<\/div>\n\t\t\t\t\t<\/div>\n\t\t\t\t<\/div>\n\t\t<div class=\"elementor-element elementor-element-07af96f e-flex e-con-boxed e-con e-parent\" data-id=\"07af96f\" data-element_type=\"container\" data-e-type=\"container\" data-settings=\"{&quot;jet_parallax_layout_list&quot;:[]}\">\n\t\t\t\t\t<div class=\"e-con-inner\">\n\t\t<div class=\"elementor-element elementor-element-c6b4229 e-con-full e-flex e-con e-child\" data-id=\"c6b4229\" data-element_type=\"container\" data-e-type=\"container\" data-settings=\"{&quot;jet_parallax_layout_list&quot;:[]}\">\n\t\t\t\t<div class=\"elementor-element elementor-element-5771885 elementor-cta--skin-cover elementor-animated-content elementor-widget elementor-widget-call-to-action\" data-id=\"5771885\" data-element_type=\"widget\" data-e-type=\"widget\" data-widget_type=\"call-to-action.default\">\n\t\t\t\t<div class=\"elementor-widget-container\">\n\t\t\t\t\t\t\t<div class=\"elementor-cta\">\n\t\t\t\t\t<div class=\"elementor-cta__bg-wrapper\">\n\t\t\t\t<div class=\"elementor-cta__bg elementor-bg\" style=\"background-image: url();\" role=\"img\" aria-label=\"\"><\/div>\n\t\t\t\t<div class=\"elementor-cta__bg-overlay\"><\/div>\n\t\t\t<\/div>\n\t\t\t\t\t\t\t<div class=\"elementor-cta__content\">\n\t\t\t\t\t\t\t\t\t<div class=\"elementor-content-item elementor-cta__content-item elementor-cta__image elementor-animated-item--grow\">\n\t\t\t\t\t\t<img decoding=\"async\" width=\"100\" height=\"76\" src=\"https:\/\/projectofthemonth.ca\/wp-content\/uploads\/2024\/06\/TBMLogo_transparent-1.png\" class=\"attachment-full size-full wp-image-17452\" alt=\"\" \/>\t\t\t\t\t<\/div>\n\t\t\t\t\n\t\t\t\t\t\t\t\t\t<h2 class=\"elementor-cta__title elementor-cta__content-item elementor-content-item elementor-animated-item--grow\">\n\t\t\t\t\t\tR\u00c9NOVEZ AVEC TIMBER MART*<br>**<br>Financement disponible*\t\t\t\t\t<\/h2>\n\t\t\t\t\n\t\t\t\t\t\t\t\t\t<div class=\"elementor-cta__description elementor-cta__content-item elementor-content-item elementor-animated-item--grow\">\n\t\t\t\t\t\t <p><strong>\nUtilisez votre carte de projet\nTIMBER MART pour financer\nfacilement votre projet\nde r\u00e9novation r\u00e9sidentielle.<\/p>\nInformez-vous aupr\u00e8s\nd\u2019une(e) conseiller(\u00e8re) en vente dans un\nmagasin TIMBER MART participant pour\nconna\u00eetre les options de paiement disponibles.<\/strong>\n\n\n\n\t\t\t\t\t<\/div>\n\t\t\t\t\n\t\t\t\t\t\t\t\t\t<div class=\"elementor-cta__button-wrapper elementor-cta__content-item elementor-content-item elementor-animated-item--grow\">\n\t\t\t\t\t<a class=\"elementor-cta__button elementor-button elementor-size-\" href=\"https:\/\/web.fairstone.ca\/timbermart-ol\">\n\t\t\t\t\t\tCliquez ici pour faire une demande de financement instantan\u00e9e en ligne ou textez TIMBER MART au 32472.\t\t\t\t\t<\/a>\n\t\t\t\t\t<\/div>\n\t\t\t\t\t\t\t<\/div>\n\t\t\t\t\t\t<\/div>\n\t\t\t\t\t\t<\/div>\n\t\t\t\t<\/div>\n\t\t\t\t<\/div>\n\t\t<div class=\"elementor-element elementor-element-dae9425 e-con-full e-flex e-con e-child\" data-id=\"dae9425\" data-element_type=\"container\" data-e-type=\"container\" data-settings=\"{&quot;jet_parallax_layout_list&quot;:[]}\">\n\t\t\t\t<div class=\"elementor-element elementor-element-a8b0c16 elementor-cta--skin-cover elementor-animated-content elementor-widget elementor-widget-call-to-action\" data-id=\"a8b0c16\" data-element_type=\"widget\" data-e-type=\"widget\" data-widget_type=\"call-to-action.default\">\n\t\t\t\t<div class=\"elementor-widget-container\">\n\t\t\t\t\t\t\t<div class=\"elementor-cta\">\n\t\t\t\t\t<div class=\"elementor-cta__bg-wrapper\">\n\t\t\t\t<div class=\"elementor-cta__bg elementor-bg\" style=\"background-image: url();\" role=\"img\" aria-label=\"\"><\/div>\n\t\t\t\t<div class=\"elementor-cta__bg-overlay\"><\/div>\n\t\t\t<\/div>\n\t\t\t\t\t\t\t<div class=\"elementor-cta__content\">\n\t\t\t\t\t\t\t\t\t<div class=\"elementor-content-item elementor-cta__content-item elementor-cta__image elementor-animated-item--grow\">\n\t\t\t\t\t\t<img decoding=\"async\" width=\"300\" height=\"122\" src=\"https:\/\/projectofthemonth.ca\/wp-content\/uploads\/2023\/09\/airmiles-timbermart-logos-300x122.png\" class=\"attachment-medium size-medium wp-image-14667\" alt=\"\" srcset=\"https:\/\/projectofthemonth.ca\/wp-content\/uploads\/2023\/09\/airmiles-timbermart-logos-300x122.png 300w, https:\/\/projectofthemonth.ca\/wp-content\/uploads\/2023\/09\/airmiles-timbermart-logos.png 500w\" sizes=\"(max-width: 300px) 100vw, 300px\" \/>\t\t\t\t\t<\/div>\n\t\t\t\t\n\t\t\t\t\t\t\t\t\t<h2 class=\"elementor-cta__title elementor-cta__content-item elementor-content-item elementor-animated-item--grow\">\n\t\t\t\t\t\tConstruisez vos r\u00eaves, soyez r\u00e9compens\u00e9s\t\t\t\t\t<\/h2>\n\t\t\t\t\n\t\t\t\t\t\t\t\t\t<div class=\"elementor-cta__description elementor-cta__content-item elementor-content-item elementor-animated-item--grow\">\n\t\t\t\t\t\t<strong>D\u00e9pensez 150 $, obtenez 100 milles AIR MILES<sup>MD <\/sup>, ou<br>\nD\u00e9pensez 90 $, obtenez 50 milles AIR MILES<sup>MD <\/sup>, ou <br>\nD\u00e9pensez 60 $, obtenez 35 milles AIR MILES<sup>MD <\/sup><br>\n <\/strong>\t\t\t\t\t<\/div>\n\t\t\t\t\n\t\t\t\t\t\t\t\t\t<div class=\"elementor-cta__button-wrapper elementor-cta__content-item elementor-content-item elementor-animated-item--grow\">\n\t\t\t\t\t<a class=\"elementor-cta__button elementor-button elementor-size-\" href=\"https:\/\/projectofthemonth.ca\/wp-content\/uploads\/2026\/03\/April_2026_FR_AM.pdf\" target=\"_blank\">\n\t\t\t\t\t\tt\u00e9l\u00e9charger le coupon\t\t\t\t\t<\/a>\n\t\t\t\t\t<\/div>\n\t\t\t\t\t\t\t<\/div>\n\t\t\t\t\t\t<\/div>\n\t\t\t\t\t\t<\/div>\n\t\t\t\t<\/div>\n\t\t\t\t<\/div>\n\t\t\t\t\t<\/div>\n\t\t\t\t<\/div>\n\t\t\t\t<\/div>\n\t\t","protected":false},"excerpt":{"rendered":"<p>Projets de peinture Projets populaires R\u00c9NOVEZ AVEC TIMBER MART***Financement disponible* Utilisez votre carte de projet TIMBER MART pour financer facilement votre projet de r\u00e9novation r\u00e9sidentielle. Informez-vous aupr\u00e8s d\u2019une(e) conseiller(\u00e8re) en vente dans un magasin TIMBER MART participant pour conna\u00eetre les options de paiement disponibles. Cliquez ici pour faire une demande de financement instantan\u00e9e en ligne &#8230; <a title=\"Projets de peinture\" class=\"read-more\" href=\"https:\/\/projectofthemonth.ca\/fr\/projets-de-peinture\/\" aria-label=\"En savoir plus sur Projets de peinture\">Lire la suite<\/a><\/p>\n","protected":false},"author":2,"featured_media":11020,"parent":0,"menu_order":0,"comment_status":"closed","ping_status":"closed","template":"elementor_header_footer","meta":{"cybocfi_hide_featured_image":"","footnotes":""},"class_list":["post-10915","page","type-page","status-publish","has-post-thumbnail"],"aioseo_notices":[],"_links":{"self":[{"href":"https:\/\/projectofthemonth.ca\/fr\/wp-json\/wp\/v2\/pages\/10915","targetHints":{"allow":["GET"]}}],"collection":[{"href":"https:\/\/projectofthemonth.ca\/fr\/wp-json\/wp\/v2\/pages"}],"about":[{"href":"https:\/\/projectofthemonth.ca\/fr\/wp-json\/wp\/v2\/types\/page"}],"author":[{"embeddable":true,"href":"https:\/\/projectofthemonth.ca\/fr\/wp-json\/wp\/v2\/users\/2"}],"replies":[{"embeddable":true,"href":"https:\/\/projectofthemonth.ca\/fr\/wp-json\/wp\/v2\/comments?post=10915"}],"version-history":[{"count":10,"href":"https:\/\/projectofthemonth.ca\/fr\/wp-json\/wp\/v2\/pages\/10915\/revisions"}],"predecessor-version":[{"id":28312,"href":"https:\/\/projectofthemonth.ca\/fr\/wp-json\/wp\/v2\/pages\/10915\/revisions\/28312"}],"wp:featuredmedia":[{"embeddable":true,"href":"https:\/\/projectofthemonth.ca\/fr\/wp-json\/wp\/v2\/media\/11020"}],"wp:attachment":[{"href":"https:\/\/projectofthemonth.ca\/fr\/wp-json\/wp\/v2\/media?parent=10915"}],"curies":[{"name":"wp","href":"https:\/\/api.w.org\/{rel}","templated":true}]}}