{"id":5397,"date":"2022-04-13T17:29:38","date_gmt":"2022-04-13T17:29:38","guid":{"rendered":"https:\/\/projectofthemonth.ca\/a-propos-de-nous\/privacy-policy-fr\/"},"modified":"2022-07-18T19:19:04","modified_gmt":"2022-07-18T19:19:04","slug":"privacy-policy-fr","status":"publish","type":"page","link":"https:\/\/projectofthemonth.ca\/fr\/a-propos-de-nous\/privacy-policy-fr\/","title":{"rendered":"Politique de confidentialit\u00e9"},"content":{"rendered":"<p>Nous nous engageons \u00e0 maintenir l\u2019exactitude, la confidentialit\u00e9 et la s\u00e9curit\u00e9 de vos informations personnelles identifiables (\u00ab Informations personnelles \u00bb). Dans le cadre de cet engagement, notre politique de confidentialit\u00e9 r\u00e9git nos actions en ce qui concerne la collecte, l\u2019utilisation et la divulgation des renseignements personnels. Notre politique de confidentialit\u00e9 est fond\u00e9e sur les valeurs \u00e9tablies par le Code type sur la protection des renseignements personnels de l\u2019Association canadienne de normalisation et la Loi sur la protection des renseignements personnels et les documents \u00e9lectroniques du Canada.<\/p>\n<h2>1. Introduction<\/h2>\n<p>Nous sommes responsables de la conservation et de la protection des renseignements personnels qui nous sont confi\u00e9s. Nous avons d\u00e9sign\u00e9 une ou plusieurs personnes qui sont responsables de la conformit\u00e9 \u00e0 notre politique de confidentialit\u00e9.<\/p>\n<h2>2. Identification des objectifs<\/h2>\n<p>Nous recueillons, utilisons et divulguons des renseignements personnels pour vous fournir le produit ou le service que vous avez demand\u00e9 et pour vous offrir d\u2019autres produits et services qui, selon nous, pourraient vous int\u00e9resser. Les fins pour lesquelles nous recueillons des renseignements personnels seront identifi\u00e9es avant ou au moment o\u00f9 nous recueillons l\u2019information. Dans certaines circonstances, les objectifs pour lesquels les informations sont collect\u00e9es peuvent \u00eatre clairs et le consentement peut \u00eatre implicite, par exemple lorsque vos noms, adresses et informations de paiement sont fournis dans le cadre du processus de commande.<\/p>\n<h2>3. Consentement<\/h2>\n<p>La connaissance et le consentement sont requis pour la collecte, l\u2019utilisation ou la divulgation de renseignements personnels, sauf lorsque la loi l\u2019exige ou le permet. Vous avez toujours le choix de nous fournir vos informations personnelles. Les renseignements personnels recueillis seront limit\u00e9s aux d\u00e9tails n\u00e9cessaires aux fins que nous avons identifi\u00e9es. Nous n\u2019exigerons pas que vous consentiez \u00e0 la collecte, \u00e0 l\u2019utilisation ou \u00e0 la divulgation de renseignements comme condition \u00e0 la fourniture d\u2019un produit ou d\u2019un service, sauf si cela est n\u00e9cessaire pour pouvoir fournir le produit ou le service.<\/p>\n<h2>4. Limitation de la collecte<\/h2>\n<p>The Personal Information collected will be limited to those details necessary for the purposes identified by us. Avec votre consentement, nous pouvons recueillir vos renseignements personnels en personne, par t\u00e9l\u00e9phone ou en communiquant avec vous par courrier, t\u00e9l\u00e9copieur ou Internet.<\/p>\n<h2>5. Limitation de l\u2019utilisation, de la divulgation et de la conservation<\/h2>\n<p>Les renseignements personnels ne peuvent \u00eatre utilis\u00e9s ou divulgu\u00e9s qu\u2019aux fins pour lesquelles ils ont \u00e9t\u00e9 recueillis, \u00e0 moins que vous n\u2019y ayez consenti autrement ou que la loi l\u2019exige ou le permette. Les renseignements personnels ne seront conserv\u00e9s que pour la p\u00e9riode de temps n\u00e9cessaire \u00e0 la r\u00e9alisation de l\u2019objectif pour lequel ils ont \u00e9t\u00e9 recueillis ou lorsque la loi l\u2019exige.<\/p>\n<h2>6. Exactitude<\/h2>\n<p>Les renseignements personnels seront conserv\u00e9s sous une forme exacte, compl\u00e8te et \u00e0 jour, dans la mesure o\u00f9 cela est n\u00e9cessaire pour atteindre les objectifs pour lesquels ils doivent \u00eatre utilis\u00e9s.<\/p>\n<h2>7. Protection des renseignements personnels<\/h2>\n<p>Les informations personnelles seront prot\u00e9g\u00e9es par des mesures de s\u00e9curit\u00e9 adapt\u00e9es au niveau de sensibilit\u00e9 des informations. Nous prenons toutes les pr\u00e9cautions raisonnables pour prot\u00e9ger vos informations personnelles contre toute perte ou utilisation, acc\u00e8s ou divulgation non autoris\u00e9s.<\/p>\n<h2>8. Transparence<\/h2>\n<p>Nous mettons \u00e0 votre disposition des informations sur nos politiques et pratiques en mati\u00e8re de gestion de vos informations personnelles.<\/p>\n<h2>9. Acc\u00e8s des clients<\/h2>\n<p>Sur demande, vous serez inform\u00e9 de l\u2019existence, de l\u2019utilisation et de la divulgation de vos renseignements personnels, et vous pourrez y acc\u00e9der. Vous pourrez v\u00e9rifier l\u2019exactitude et l\u2019exhaustivit\u00e9 de vos renseignements personnels et demander qu\u2019ils soient modifi\u00e9s, le cas \u00e9ch\u00e9ant. Toutefois, dans certaines circonstances autoris\u00e9es par la loi, nous ne vous divulguerons pas certaines informations. Par exemple, nous pouvons ne pas divulguer des informations vous concernant si d\u2019autres personnes sont r\u00e9f\u00e9renc\u00e9es ou s\u2019il existe des restrictions l\u00e9gales, de s\u00e9curit\u00e9 ou de propri\u00e9t\u00e9 commerciale.<\/p>\n<h2>10. Traitement des plaintes et suggestions des clients<\/h2>\n<p>Vous pouvez adresser toute question ou demande concernant notre politique de confidentialit\u00e9 ou nos pratiques en contactant : tbm@simsadvertising.com.<\/p>\n<p>&nbsp;<\/p>\n<h3>Informations compl\u00e9mentaires<\/h3>\n<h2>T\u00e9moins<\/h2>\n<p>Un t\u00e9moin est un petit fichier informatique ou un \u00e9l\u00e9ment d\u2019information qui peut \u00eatre stock\u00e9 sur le disque dur de votre ordinateur lorsque vous visitez nos sites web. Nous pouvons utiliser des t\u00e9moins pour am\u00e9liorer la fonctionnalit\u00e9 de notre site web et, dans certains cas, pour offrir aux visiteurs une exp\u00e9rience en ligne personnalis\u00e9e.<\/p>\n<p>Les t\u00e9moins sont largement utilis\u00e9s et la plupart des navigateurs Internet sont configur\u00e9s initialement pour accepter automatiquement les t\u00e9moins. Vous pouvez modifier les param\u00e8tres de votre navigateur Internet pour emp\u00eacher votre ordinateur d\u2019accepter les t\u00e9moins ou pour vous avertir lorsque vous recevez un t\u00e9moin afin que vous puissiez refuser son acceptation. Veuillez noter, toutefois, que si vous d\u00e9sactivez les t\u00e9moins, vous risquez de ne pas b\u00e9n\u00e9ficier de performances optimales de notre site web.<\/p>\n<h2>Autres sites web<\/h2>\n<p>Notre site web peut contenir des liens vers d\u2019autres sites tiers qui ne sont pas r\u00e9gis par la pr\u00e9sente politique de confidentialit\u00e9. Bien que nous nous efforcions de ne proposer que des liens vers des sites ayant des normes \u00e9lev\u00e9es en mati\u00e8re de confidentialit\u00e9, notre politique de confidentialit\u00e9 ne s\u2019appliquera plus d\u00e8s que vous aurez quitt\u00e9 notre site web. En outre, nous ne sommes pas responsables des pratiques de confidentialit\u00e9 employ\u00e9es par les sites web de tiers. Par cons\u00e9quent, nous vous sugg\u00e9rons d\u2019examiner les d\u00e9clarations de confidentialit\u00e9 de ces sites pour savoir comment vos informations peuvent \u00eatre collect\u00e9es, utilis\u00e9es, partag\u00e9es et divulgu\u00e9es.<\/p>\n","protected":false},"excerpt":{"rendered":"<p>Nous nous engageons \u00e0 maintenir l\u2019exactitude, la confidentialit\u00e9 et la s\u00e9curit\u00e9 de vos informations personnelles identifiables (\u00ab Informations personnelles \u00bb). Dans le cadre de cet engagement, notre politique de confidentialit\u00e9 r\u00e9git nos actions en ce qui concerne la collecte, l\u2019utilisation et la divulgation des renseignements personnels. Notre politique de confidentialit\u00e9 est fond\u00e9e sur les valeurs &#8230; <a title=\"Politique de confidentialit\u00e9\" class=\"read-more\" href=\"https:\/\/projectofthemonth.ca\/fr\/a-propos-de-nous\/privacy-policy-fr\/\" aria-label=\"En savoir plus sur Politique de confidentialit\u00e9\">Lire la suite<\/a><\/p>\n","protected":false},"author":2,"featured_media":0,"parent":4563,"menu_order":0,"comment_status":"closed","ping_status":"closed","template":"","meta":{"cybocfi_hide_featured_image":"","footnotes":""},"class_list":["post-5397","page","type-page","status-publish"],"aioseo_notices":[],"_links":{"self":[{"href":"https:\/\/projectofthemonth.ca\/fr\/wp-json\/wp\/v2\/pages\/5397","targetHints":{"allow":["GET"]}}],"collection":[{"href":"https:\/\/projectofthemonth.ca\/fr\/wp-json\/wp\/v2\/pages"}],"about":[{"href":"https:\/\/projectofthemonth.ca\/fr\/wp-json\/wp\/v2\/types\/page"}],"author":[{"embeddable":true,"href":"https:\/\/projectofthemonth.ca\/fr\/wp-json\/wp\/v2\/users\/2"}],"replies":[{"embeddable":true,"href":"https:\/\/projectofthemonth.ca\/fr\/wp-json\/wp\/v2\/comments?post=5397"}],"version-history":[{"count":0,"href":"https:\/\/projectofthemonth.ca\/fr\/wp-json\/wp\/v2\/pages\/5397\/revisions"}],"up":[{"embeddable":true,"href":"https:\/\/projectofthemonth.ca\/fr\/wp-json\/wp\/v2\/pages\/4563"}],"wp:attachment":[{"href":"https:\/\/projectofthemonth.ca\/fr\/wp-json\/wp\/v2\/media?parent=5397"}],"curies":[{"name":"wp","href":"https:\/\/api.w.org\/{rel}","templated":true}]}}