{"id":7071,"date":"2022-07-07T20:21:40","date_gmt":"2022-07-08T00:21:40","guid":{"rendered":"https:\/\/projectofthemonth.ca\/promotions\/"},"modified":"2026-04-01T09:49:06","modified_gmt":"2026-04-01T13:49:06","slug":"promotions","status":"publish","type":"page","link":"https:\/\/projectofthemonth.ca\/fr\/promotions\/","title":{"rendered":"Promotions"},"content":{"rendered":"\t\t<div data-elementor-type=\"wp-page\" data-elementor-id=\"7071\" class=\"elementor elementor-7071 elementor-6983\" data-elementor-post-type=\"page\">\n\t\t\t\t<div class=\"elementor-element elementor-element-771479b e-flex e-con-boxed e-con e-parent\" data-id=\"771479b\" data-element_type=\"container\" data-e-type=\"container\" data-settings=\"{&quot;background_background&quot;:&quot;classic&quot;,&quot;jet_parallax_layout_list&quot;:[]}\">\n\t\t\t\t\t<div class=\"e-con-inner\">\n\t\t\t\t<div class=\"elementor-element elementor-element-a5d0618 elementor-widget elementor-widget-heading\" data-id=\"a5d0618\" data-element_type=\"widget\" data-e-type=\"widget\" data-widget_type=\"heading.default\">\n\t\t\t\t<div class=\"elementor-widget-container\">\n\t\t\t\t\t<h1 class=\"elementor-heading-title elementor-size-default\">Promotions en cours<\/h1>\t\t\t\t<\/div>\n\t\t\t\t<\/div>\n\t\t\t\t\t<\/div>\n\t\t\t\t<\/div>\n\t\t\t\t<section class=\"elementor-section elementor-top-section elementor-element elementor-element-f09e9fe elementor-section-boxed elementor-section-height-default elementor-section-height-default\" data-id=\"f09e9fe\" data-element_type=\"section\" data-e-type=\"section\" data-settings=\"{&quot;jet_parallax_layout_list&quot;:[]}\">\n\t\t\t\t\t\t<div class=\"elementor-container elementor-column-gap-default\">\n\t\t\t\t\t<div class=\"elementor-column elementor-col-100 elementor-top-column elementor-element elementor-element-47dc53f\" data-id=\"47dc53f\" data-element_type=\"column\" data-e-type=\"column\">\n\t\t\t<div class=\"elementor-widget-wrap elementor-element-populated\">\n\t\t\t\t\t\t<div class=\"elementor-element elementor-element-6615eb4 elementor-widget elementor-widget-heading\" data-id=\"6615eb4\" data-element_type=\"widget\" data-e-type=\"widget\" data-widget_type=\"heading.default\">\n\t\t\t\t<div class=\"elementor-widget-container\">\n\t\t\t\t\t<h2 class=\"elementor-heading-title elementor-size-default\">1er au 30 avril 2026<\/h2>\t\t\t\t<\/div>\n\t\t\t\t<\/div>\n\t\t\t\t\t<\/div>\n\t\t<\/div>\n\t\t\t\t\t<\/div>\n\t\t<\/section>\n\t\t<div class=\"elementor-element elementor-element-e030628 e-flex e-con-boxed e-con e-parent\" data-id=\"e030628\" data-element_type=\"container\" data-e-type=\"container\" data-settings=\"{&quot;jet_parallax_layout_list&quot;:[]}\">\n\t\t\t\t\t<div class=\"e-con-inner\">\n\t\t<div class=\"elementor-element elementor-element-3ff02be e-con-full e-flex e-con e-child\" data-id=\"3ff02be\" data-element_type=\"container\" data-e-type=\"container\" data-settings=\"{&quot;jet_parallax_layout_list&quot;:[]}\">\n\t\t\t\t<div class=\"elementor-element elementor-element-c89961d elementor-cta--skin-cover elementor-animated-content elementor-widget elementor-widget-call-to-action\" data-id=\"c89961d\" data-element_type=\"widget\" data-e-type=\"widget\" data-widget_type=\"call-to-action.default\">\n\t\t\t\t<div class=\"elementor-widget-container\">\n\t\t\t\t\t\t\t<div class=\"elementor-cta\">\n\t\t\t\t\t<div class=\"elementor-cta__bg-wrapper\">\n\t\t\t\t<div class=\"elementor-cta__bg elementor-bg\" style=\"background-image: url();\" role=\"img\" aria-label=\"\"><\/div>\n\t\t\t\t<div class=\"elementor-cta__bg-overlay\"><\/div>\n\t\t\t<\/div>\n\t\t\t\t\t\t\t<div class=\"elementor-cta__content\">\n\t\t\t\t\t\t\t\t\t<div class=\"elementor-content-item elementor-cta__content-item elementor-cta__image elementor-animated-item--grow\">\n\t\t\t\t\t\t<img decoding=\"async\" width=\"300\" height=\"122\" src=\"https:\/\/projectofthemonth.ca\/wp-content\/uploads\/2022\/12\/airmiles-timbermart-logos-300x122.png\" class=\"attachment-medium size-medium wp-image-10844\" alt=\"\" srcset=\"https:\/\/projectofthemonth.ca\/wp-content\/uploads\/2022\/12\/airmiles-timbermart-logos-300x122.png 300w, https:\/\/projectofthemonth.ca\/wp-content\/uploads\/2022\/12\/airmiles-timbermart-logos.png 500w\" sizes=\"(max-width: 300px) 100vw, 300px\" \/>\t\t\t\t\t<\/div>\n\t\t\t\t\n\t\t\t\t\t\t\t\t\t<h2 class=\"elementor-cta__title elementor-cta__content-item elementor-content-item elementor-animated-item--grow\">\n\t\t\t\t\t\tConstruisez vos r\u00eaves, soyez r\u00e9compens\u00e9s\t\t\t\t\t<\/h2>\n\t\t\t\t\n\t\t\t\t\t\t\t\t\t<div class=\"elementor-cta__description elementor-cta__content-item elementor-content-item elementor-animated-item--grow\">\n\t\t\t\t\t\t<strong>D\u00e9pensez 150 $, obtenez 100 milles AIR MILES<sup>MD <\/sup>, ou<br>\nD\u00e9pensez 90 $, obtenez 50 milles AIR MILES<sup>MD <\/sup>, ou <br>\nD\u00e9pensez 60 $, obtenez 35 milles AIR MILES<sup>MD <\/sup><br>\n <\/strong>\t\t\t\t\t<\/div>\n\t\t\t\t\n\t\t\t\t\t\t\t\t\t<div class=\"elementor-cta__button-wrapper elementor-cta__content-item elementor-content-item elementor-animated-item--grow\">\n\t\t\t\t\t<a class=\"elementor-cta__button elementor-button elementor-size-\" href=\"https:\/\/projectofthemonth.ca\/wp-content\/uploads\/2026\/03\/April_2026_FR_AM.pdf\" target=\"_blank\">\n\t\t\t\t\t\tt\u00e9l\u00e9charger le coupon\t\t\t\t\t<\/a>\n\t\t\t\t\t<\/div>\n\t\t\t\t\t\t\t<\/div>\n\t\t\t\t\t\t<\/div>\n\t\t\t\t\t\t<\/div>\n\t\t\t\t<\/div>\n\t\t\t\t<\/div>\n\t\t<div class=\"elementor-element elementor-element-54099a9 e-con-full e-flex e-con e-child\" data-id=\"54099a9\" data-element_type=\"container\" data-e-type=\"container\" data-settings=\"{&quot;jet_parallax_layout_list&quot;:[]}\">\n\t\t\t\t<div class=\"elementor-element elementor-element-2d05a31 elementor-widget elementor-widget-text-editor\" data-id=\"2d05a31\" data-element_type=\"widget\" data-e-type=\"widget\" data-widget_type=\"text-editor.default\">\n\t\t\t\t<div class=\"elementor-widget-container\">\n\t\t\t\t\t\t\t\t\t<h2>Modalit\u00e9s :<\/h2><p>Offre valable du 1er au 30 avril 2026. <a href=\"https:\/\/timbermart.ca\/fr\/air-miles\/\" target=\"_blank\" rel=\"noopener\">Valable uniquement dans les magasins TIMBER MART participants.<\/a><\/p><p>Un achat minimum de 60 $ doit \u00eatre effectu\u00e9 en une seule transaction, \u00e0 l\u2019exclusion des taxes, des cartes-cadeaux, des frais de livraison et des comptes de gros et maison. Limite d\u2019une offre de prime par num\u00e9ro d\u2019adh\u00e9rent , jusqu\u2019\u00e0 un maximum de 100 milles en prime, durant la p\u00e9riode promotionnelle. L\u2019offre, le code de prime et la carte AIR MILES doivent \u00eatre pr\u00e9sent\u00e9s ou affich\u00e9s sur votre appareil mobile au moment de l\u2019achat admissible. Cette offre ne peut \u00eatre jumel\u00e9e \u00e0 aucune autre offre de prime ou promotion AIR MILES disponible exclusivement chez TIMBER MART. Pour plus de clart\u00e9, l\u2019offre peut \u00eatre combin\u00e9e avec des offres de prime ou des promotions offertes directement par AIR MILES et valables pour l\u2019ensemble du Programme de r\u00e9compense AIR MILES. Les offres de prime ne sont pas cumulatives. Veuillez pr\u00e9voir jusqu\u2019\u00e0 60 jours pour que les milles en prime soient vers\u00e9s dans votre compte d\u2019adh\u00e9rent.<\/p><p>D\u00e9pensez 150 $, obtenez 100 milles AIR MILESMD \u2013 Code de prime : QC : 10<br \/>Ou D\u00e9pensez 90 $, obtenez 50 milles AIR MILESMD \u2013 Code de prime : QC : 9<br \/>Ou D\u00e9pensez 60 $, obtenez 35 milles AIR MILESMD \u2013 Code de prime : QC : 8<\/p><p>MD\/MC Marque d\u00e9pos\u00e9e\/de commerce d\u2019AM Royalties Limited Partnership,<br \/>employ\u00e9e en vertu d\u2019une licence par BMO R\u00e9compenses Bleu, Inc. et par TBM Holdco Ltd.<\/p>\t\t\t\t\t\t\t\t<\/div>\n\t\t\t\t<\/div>\n\t\t\t\t<\/div>\n\t\t\t\t\t<\/div>\n\t\t\t\t<\/div>\n\t\t<div class=\"elementor-element elementor-element-af35f25 e-flex e-con-boxed e-con e-parent\" data-id=\"af35f25\" data-element_type=\"container\" data-e-type=\"container\" data-settings=\"{&quot;jet_parallax_layout_list&quot;:[]}\">\n\t\t\t\t\t<div class=\"e-con-inner\">\n\t\t<div class=\"elementor-element elementor-element-bd442d4 e-con-full e-flex e-con e-child\" data-id=\"bd442d4\" data-element_type=\"container\" data-e-type=\"container\" data-settings=\"{&quot;jet_parallax_layout_list&quot;:[]}\">\n\t\t\t\t<div class=\"elementor-element elementor-element-1555594 elementor-cta--skin-cover elementor-animated-content elementor-widget elementor-widget-call-to-action\" data-id=\"1555594\" data-element_type=\"widget\" data-e-type=\"widget\" data-widget_type=\"call-to-action.default\">\n\t\t\t\t<div class=\"elementor-widget-container\">\n\t\t\t\t\t\t\t<div class=\"elementor-cta\">\n\t\t\t\t\t<div class=\"elementor-cta__bg-wrapper\">\n\t\t\t\t<div class=\"elementor-cta__bg elementor-bg\" style=\"background-image: url();\" role=\"img\" aria-label=\"\"><\/div>\n\t\t\t\t<div class=\"elementor-cta__bg-overlay\"><\/div>\n\t\t\t<\/div>\n\t\t\t\t\t\t\t<div class=\"elementor-cta__content\">\n\t\t\t\t\t\t\t\t\t<div class=\"elementor-content-item elementor-cta__content-item elementor-cta__image elementor-animated-item--grow\">\n\t\t\t\t\t\t<img decoding=\"async\" width=\"100\" height=\"76\" src=\"https:\/\/projectofthemonth.ca\/wp-content\/uploads\/2022\/05\/TBMLogo_transparent-1.png\" class=\"attachment-full size-full wp-image-5205\" alt=\"\" \/>\t\t\t\t\t<\/div>\n\t\t\t\t\n\t\t\t\t\t\t\t\t\t<h2 class=\"elementor-cta__title elementor-cta__content-item elementor-content-item elementor-animated-item--grow\">\n\t\t\t\t\t\tR\u00c9NOVEZ AVEC TIMBER MART*<br>**<br>Financement disponible*\t\t\t\t\t<\/h2>\n\t\t\t\t\n\t\t\t\t\t\t\t\t\t<div class=\"elementor-cta__description elementor-cta__content-item elementor-content-item elementor-animated-item--grow\">\n\t\t\t\t\t\t <p><strong>\nUtilisez votre carte de projet\nTIMBER MART pour financer\nfacilement votre projet\nde r\u00e9novation r\u00e9sidentielle.<\/p>\nInformez-vous aupr\u00e8s\nd\u2019une(e) conseiller(\u00e8re) en vente dans un\nmagasin TIMBER MART participant pour\nconna\u00eetre les options de paiement disponibles.<\/strong>\n\n\n\n\t\t\t\t\t<\/div>\n\t\t\t\t\n\t\t\t\t\t\t\t\t\t<div class=\"elementor-cta__button-wrapper elementor-cta__content-item elementor-content-item elementor-animated-item--grow\">\n\t\t\t\t\t<a class=\"elementor-cta__button elementor-button elementor-size-\" href=\"https:\/\/web.fairstone.ca\/timbermart-ol\">\n\t\t\t\t\t\tCliquez ici pour faire une demande de financement instantan\u00e9e en ligne ou textez TIMBER MART au 32472.\t\t\t\t\t<\/a>\n\t\t\t\t\t<\/div>\n\t\t\t\t\t\t\t<\/div>\n\t\t\t\t\t\t<\/div>\n\t\t\t\t\t\t<\/div>\n\t\t\t\t<\/div>\n\t\t\t\t<\/div>\n\t\t<div class=\"elementor-element elementor-element-8566f12 e-con-full e-flex e-con e-child\" data-id=\"8566f12\" data-element_type=\"container\" data-e-type=\"container\" data-settings=\"{&quot;jet_parallax_layout_list&quot;:[]}\">\n\t\t\t\t<div class=\"elementor-element elementor-element-5ffb14f elementor-widget elementor-widget-text-editor\" data-id=\"5ffb14f\" data-element_type=\"widget\" data-e-type=\"widget\" data-widget_type=\"text-editor.default\">\n\t\t\t\t<div class=\"elementor-widget-container\">\n\t\t\t\t\t\t\t\t\t<h2>Modalit\u00e9s :<\/h2><p>* Sur approbation de cr\u00e9dit.<\/p><p>Des frais d\u2019adh\u00e9sion annuels, indiqu\u00e9s dans votre convention de compte, pourront \u00eatre factur\u00e9s \u00e0 votre compte sous r\u00e9serve de certaines conditions. Le financement est offert par Fairstone Financi\u00e8re Inc. et est assujetti \u00e0 toutes les modalit\u00e9s de la convention de cr\u00e9dit au d\u00e9tail et la d\u00e9claration de l\u2019\u00e9nonc\u00e9 des conditions et du document d\u2019information sur le programme promotionnel (collectivement la \u00ab convention de compte \u00bb). Aucuns frais de financement ne s\u2019accumuleront et aucun paiement minimal ne sera exigible sur l\u2019achat pendant la p\u00e9riode du programme promotionnel. Les modalit\u00e9s du programme de cr\u00e9dit promotionnel seront invalid\u00e9es si vous manquez \u00e0 vos obligations en vertu de la convention de compte. \u00c0 l\u2019annulation ou \u00e0 l\u2019\u00e9ch\u00e9ance du programme promotionnel (ou pour les achats auxquels ce programme ne s\u2019applique pas), le taux d\u2019int\u00e9r\u00eat annuel standard divulgu\u00e9 dans votre convention de compte et les modalit\u00e9s du programme de cr\u00e9dit r\u00e9gulier s\u2019appliqueront \u00e0 tout solde \u00e0 payer. Certaines conditions s\u2019appliquent.<\/p><p>Consultez la convention de compte ou rendez-vous en magasin pour de plus amples renseignements. Aucun int\u00e9r\u00eat, aucun paiement pendant 12 mois (code 12128).<\/p><p><img decoding=\"async\" class=\"size-full wp-image-13685 alignnone\" src=\"https:\/\/projectofthemonth.ca\/wp-content\/uploads\/2023\/06\/fairstone-logo.jpg\" alt=\"\" width=\"200\" height=\"87\" \/><\/p>\t\t\t\t\t\t\t\t<\/div>\n\t\t\t\t<\/div>\n\t\t\t\t<\/div>\n\t\t\t\t\t<\/div>\n\t\t\t\t<\/div>\n\t\t<div class=\"elementor-element elementor-element-529ee51 elementor-hidden-desktop elementor-hidden-tablet elementor-hidden-mobile e-flex e-con-boxed e-con e-parent\" data-id=\"529ee51\" data-element_type=\"container\" data-e-type=\"container\" data-settings=\"{&quot;jet_parallax_layout_list&quot;:[]}\">\n\t\t\t\t\t<div class=\"e-con-inner\">\n\t\t<div class=\"elementor-element elementor-element-21c5319 e-con-full e-flex e-con e-child\" data-id=\"21c5319\" data-element_type=\"container\" data-e-type=\"container\" data-settings=\"{&quot;jet_parallax_layout_list&quot;:[]}\">\n\t\t\t\t<div class=\"elementor-element elementor-element-155f5bf elementor-cta--skin-cover elementor-animated-content elementor-widget elementor-widget-call-to-action\" data-id=\"155f5bf\" data-element_type=\"widget\" data-e-type=\"widget\" data-widget_type=\"call-to-action.default\">\n\t\t\t\t<div class=\"elementor-widget-container\">\n\t\t\t\t\t\t\t<div class=\"elementor-cta\">\n\t\t\t\t\t<div class=\"elementor-cta__bg-wrapper\">\n\t\t\t\t<div class=\"elementor-cta__bg elementor-bg\" style=\"background-image: url();\" role=\"img\" aria-label=\"\"><\/div>\n\t\t\t\t<div class=\"elementor-cta__bg-overlay\"><\/div>\n\t\t\t<\/div>\n\t\t\t\t\t\t\t<div class=\"elementor-cta__content\">\n\t\t\t\t\t\t\t\t\t<div class=\"elementor-content-item elementor-cta__content-item elementor-cta__image elementor-animated-item--grow\">\n\t\t\t\t\t\t<img loading=\"lazy\" decoding=\"async\" width=\"300\" height=\"192\" src=\"https:\/\/projectofthemonth.ca\/wp-content\/uploads\/2023\/12\/TBM_GiftCard_2015_BIL-300x192.png\" class=\"attachment-medium size-medium wp-image-15668\" alt=\"\" srcset=\"https:\/\/projectofthemonth.ca\/wp-content\/uploads\/2023\/12\/TBM_GiftCard_2015_BIL-300x192.png 300w, https:\/\/projectofthemonth.ca\/wp-content\/uploads\/2023\/12\/TBM_GiftCard_2015_BIL.png 500w\" sizes=\"(max-width: 300px) 100vw, 300px\" \/>\t\t\t\t\t<\/div>\n\t\t\t\t\n\t\t\t\t\t\t\t\t\t<h2 class=\"elementor-cta__title elementor-cta__content-item elementor-content-item elementor-animated-item--grow\">\n\t\t\t\t\t\tLe cadeau parfait pour chaque occasion\t\t\t\t\t<\/h2>\n\t\t\t\t\n\t\t\t\t\t\t\t\t\t<div class=\"elementor-cta__description elementor-cta__content-item elementor-content-item elementor-animated-item--grow\">\n\t\t\t\t\t\tOffrez le cadeau ultime avec une carte-cadeau TIMBER MART \u00e0 utiliser pour se procurer des produits et mat\u00e9riaux de construction de qualit\u00e9, et plus encore, dans les magasins participants.\t\t\t\t\t<\/div>\n\t\t\t\t\n\t\t\t\t\t\t\t<\/div>\n\t\t\t\t\t\t<\/div>\n\t\t\t\t\t\t<\/div>\n\t\t\t\t<\/div>\n\t\t\t\t<\/div>\n\t\t\t\t\t<\/div>\n\t\t\t\t<\/div>\n\t\t\t\t<\/div>\n\t\t","protected":false},"excerpt":{"rendered":"<p>Promotions en cours 1er au 30 avril 2026 Construisez vos r\u00eaves, soyez r\u00e9compens\u00e9s D\u00e9pensez 150 $, obtenez 100 milles AIR MILESMD , ou D\u00e9pensez 90 $, obtenez 50 milles AIR MILESMD , ou D\u00e9pensez 60 $, obtenez 35 milles AIR MILESMD t\u00e9l\u00e9charger le coupon Modalit\u00e9s : Offre valable du 1er au 30 avril 2026. Valable &#8230; <a title=\"Promotions\" class=\"read-more\" href=\"https:\/\/projectofthemonth.ca\/fr\/promotions\/\" aria-label=\"En savoir plus sur Promotions\">Lire la suite<\/a><\/p>\n","protected":false},"author":2,"featured_media":0,"parent":0,"menu_order":0,"comment_status":"closed","ping_status":"closed","template":"elementor_header_footer","meta":{"cybocfi_hide_featured_image":"","footnotes":""},"class_list":["post-7071","page","type-page","status-publish"],"aioseo_notices":[],"_links":{"self":[{"href":"https:\/\/projectofthemonth.ca\/fr\/wp-json\/wp\/v2\/pages\/7071","targetHints":{"allow":["GET"]}}],"collection":[{"href":"https:\/\/projectofthemonth.ca\/fr\/wp-json\/wp\/v2\/pages"}],"about":[{"href":"https:\/\/projectofthemonth.ca\/fr\/wp-json\/wp\/v2\/types\/page"}],"author":[{"embeddable":true,"href":"https:\/\/projectofthemonth.ca\/fr\/wp-json\/wp\/v2\/users\/2"}],"replies":[{"embeddable":true,"href":"https:\/\/projectofthemonth.ca\/fr\/wp-json\/wp\/v2\/comments?post=7071"}],"version-history":[{"count":10,"href":"https:\/\/projectofthemonth.ca\/fr\/wp-json\/wp\/v2\/pages\/7071\/revisions"}],"predecessor-version":[{"id":28357,"href":"https:\/\/projectofthemonth.ca\/fr\/wp-json\/wp\/v2\/pages\/7071\/revisions\/28357"}],"wp:attachment":[{"href":"https:\/\/projectofthemonth.ca\/fr\/wp-json\/wp\/v2\/media?parent=7071"}],"curies":[{"name":"wp","href":"https:\/\/api.w.org\/{rel}","templated":true}]}}